{"id":10131,"date":"2026-04-11T07:57:12","date_gmt":"2026-04-11T07:57:12","guid":{"rendered":"https:\/\/dutapersada.co.id\/?post_type=product&#038;p=10131"},"modified":"2026-04-11T07:57:13","modified_gmt":"2026-04-11T07:57:13","slug":"hikmicro-le10s-lynx-s-thermal-monocular-256x192-ir-resolution-50hz","status":"publish","type":"product","link":"https:\/\/dutapersada.co.id\/en\/product\/hikmicro-le10s-lynx-s-thermal-monocular-256x192-ir-resolution-50hz\/","title":{"rendered":"HIKMICRO LE10S &#8211;  LYNX S Thermal Monocular 256&#215;192 IR Resolution 50Hz"},"content":{"rendered":"<p data-pm-slice=\"0 0 []\">OVERVIEW:<br \/>\nHIKMICRO LYNX S LE10S thermal monocular is equipped with a 256 \u00d7 192 infrared detector and an 800 \u00d7 600 OLED display. It supports functions of observation, distance measurement, hotspot, and so on. The high-sensitivity built-in thermal detector provides you with a clear view even in total darkness. The monocular is mainly applied to scenarios such as hunting, hiking, searching and rescuing, etc.<\/p>\n<p>KEY FEATURES:<br \/>\n\u25c6 IR resolution: 256&#215;192 pixel<br \/>\n\u25c6 Pixel interval 12 \u03bcm<br \/>\n\u25c6 Frame rate: 25Hz<br \/>\n\u25c6 Detection Range: 500m<br \/>\n\u25c6 High-sensitivity IR detector provides clear footage even in total darkness<br \/>\n\u25c6 NETD: less than 35mk (at 25\u00b0C)<br \/>\n\u25c6 800 \u00d7 600, 0.32-inch, OLED display<br \/>\n\u25c6 Field of View: 18.0\u00b0\u00d713.6\u00b0<br \/>\n\u25c6 Selectable colour palettes: White Hot, Black Hot, Red Hot, and Fusion<br \/>\n\u25c6 Record Video function<br \/>\n\u25c6 Magnification: 1.5\u00d7 to 12.0\u00d7 (8\u00d7)<br \/>\n\u25c6 Distance Measurement function<br \/>\n\u25c6 Wi-Fi Hot Spot function: use the HIKMICRO Sight app to view real-time footage and operate the digital zoom and Record Video function via a mobile phone (not included)<br \/>\n\u25c6 8h battery life<br \/>\n\u25c6 Type-C interface<br \/>\n\u25c6 IP67 protection level from water &amp; dust<\/p>\n<p>EACH UNIT INCLUDES WITH:<br \/>\n\u25c6 LE10S Thermal Monocular<br \/>\n\u25c6 Quick Start Guide<br \/>\n\u25c6 Non-dust Cloth<br \/>\n\u25c6 USB Cable<br \/>\n\u25c6 Protective Bag<br \/>\n\u25c6 Wrist Strap<\/p>\n","protected":false},"excerpt":{"rendered":"<p>The <strong>LE10S<\/strong> is an entry\u2011level thermal monocular designed for outdoor use. It features a <strong>256 \u00d7 192 VOx sensor<\/strong>, <strong>10 mm lens<\/strong>, and <strong>1.0\u00d7 basic magnification<\/strong>. With a detection range of up to <strong>458 m<\/strong>, it provides clear thermal imaging in darkness or fog. Compact and lightweight, it\u2019s easy to carry for hunting, security, or wildlife observation.<\/p>\n","protected":false},"featured_media":10132,"comment_status":"open","ping_status":"closed","template":"","meta":{"_acf_changed":false},"product_brand":[387],"product_cat":[427],"product_tag":[],"class_list":{"0":"post-10131","1":"product","2":"type-product","3":"status-publish","4":"has-post-thumbnail","6":"product_brand-hikmicro","7":"product_cat-sporting-hunting","9":"first","10":"instock","11":"taxable","12":"shipping-taxable","13":"product-type-simple"},"acf":[],"yoast_head":"<!-- This site is optimized with the Yoast SEO plugin v27.3 - https:\/\/yoast.com\/product\/yoast-seo-wordpress\/ -->\n<title>HIKMICRO LE10S - LYNX S Thermal Monocular 256x192 IR Resolution 50Hz - DUTA PERSADA INSTRUMENT<\/title>\n<meta name=\"robots\" content=\"index, follow, max-snippet:-1, max-image-preview:large, max-video-preview:-1\" \/>\n<link rel=\"canonical\" href=\"https:\/\/dutapersada.co.id\/produk\/hikmicro-le10s-lynx-s-thermal-monocular-256x192-ir-resolution-50hz\/\" \/>\n<meta property=\"og:locale\" content=\"en_US\" \/>\n<meta property=\"og:type\" content=\"article\" \/>\n<meta property=\"og:title\" content=\"HIKMICRO LE10S - LYNX S Thermal Monocular 256x192 IR Resolution 50Hz - DUTA PERSADA INSTRUMENT\" \/>\n<meta property=\"og:description\" content=\"The LE10S is an entry\u2011level thermal monocular designed for outdoor use. It features a 256 \u00d7 192 VOx sensor, 10 mm lens, and 1.0\u00d7 basic magnification. With a detection range of up to 458 m, it provides clear thermal imaging in darkness or fog. Compact and lightweight, it\u2019s easy to carry for hunting, security, or wildlife observation.\" \/>\n<meta property=\"og:url\" content=\"https:\/\/dutapersada.co.id\/produk\/hikmicro-le10s-lynx-s-thermal-monocular-256x192-ir-resolution-50hz\/\" \/>\n<meta property=\"og:site_name\" content=\"DUTA PERSADA INSTRUMENT\" \/>\n<meta property=\"article:modified_time\" content=\"2026-04-11T07:57:13+00:00\" \/>\n<meta property=\"og:image\" content=\"https:\/\/dutapersada.co.id\/wp-content\/uploads\/2026\/04\/le10s_1.png\" \/>\n\t<meta property=\"og:image:width\" content=\"1080\" \/>\n\t<meta property=\"og:image:height\" content=\"1080\" \/>\n\t<meta property=\"og:image:type\" content=\"image\/png\" \/>\n<meta name=\"twitter:card\" content=\"summary_large_image\" \/>\n<meta name=\"twitter:label1\" content=\"Est. reading time\" \/>\n\t<meta name=\"twitter:data1\" content=\"2 minutes\" \/>\n<script type=\"application\/ld+json\" class=\"yoast-schema-graph\">{\"@context\":\"https:\\\/\\\/schema.org\",\"@graph\":[{\"@type\":\"WebPage\",\"@id\":\"https:\\\/\\\/dutapersada.co.id\\\/produk\\\/hikmicro-le10s-lynx-s-thermal-monocular-256x192-ir-resolution-50hz\\\/\",\"url\":\"https:\\\/\\\/dutapersada.co.id\\\/produk\\\/hikmicro-le10s-lynx-s-thermal-monocular-256x192-ir-resolution-50hz\\\/\",\"name\":\"HIKMICRO LE10S - LYNX S Thermal Monocular 256x192 IR Resolution 50Hz - DUTA PERSADA INSTRUMENT\",\"isPartOf\":{\"@id\":\"https:\\\/\\\/dutapersada.co.id\\\/#website\"},\"primaryImageOfPage\":{\"@id\":\"https:\\\/\\\/dutapersada.co.id\\\/produk\\\/hikmicro-le10s-lynx-s-thermal-monocular-256x192-ir-resolution-50hz\\\/#primaryimage\"},\"image\":{\"@id\":\"https:\\\/\\\/dutapersada.co.id\\\/produk\\\/hikmicro-le10s-lynx-s-thermal-monocular-256x192-ir-resolution-50hz\\\/#primaryimage\"},\"thumbnailUrl\":\"https:\\\/\\\/dutapersada.co.id\\\/wp-content\\\/uploads\\\/2026\\\/04\\\/le10s_1.png\",\"datePublished\":\"2026-04-11T07:57:12+00:00\",\"dateModified\":\"2026-04-11T07:57:13+00:00\",\"breadcrumb\":{\"@id\":\"https:\\\/\\\/dutapersada.co.id\\\/produk\\\/hikmicro-le10s-lynx-s-thermal-monocular-256x192-ir-resolution-50hz\\\/#breadcrumb\"},\"inLanguage\":\"en-US\",\"potentialAction\":[{\"@type\":\"ReadAction\",\"target\":[\"https:\\\/\\\/dutapersada.co.id\\\/produk\\\/hikmicro-le10s-lynx-s-thermal-monocular-256x192-ir-resolution-50hz\\\/\"]}]},{\"@type\":\"ImageObject\",\"inLanguage\":\"en-US\",\"@id\":\"https:\\\/\\\/dutapersada.co.id\\\/produk\\\/hikmicro-le10s-lynx-s-thermal-monocular-256x192-ir-resolution-50hz\\\/#primaryimage\",\"url\":\"https:\\\/\\\/dutapersada.co.id\\\/wp-content\\\/uploads\\\/2026\\\/04\\\/le10s_1.png\",\"contentUrl\":\"https:\\\/\\\/dutapersada.co.id\\\/wp-content\\\/uploads\\\/2026\\\/04\\\/le10s_1.png\",\"width\":1080,\"height\":1080},{\"@type\":\"BreadcrumbList\",\"@id\":\"https:\\\/\\\/dutapersada.co.id\\\/produk\\\/hikmicro-le10s-lynx-s-thermal-monocular-256x192-ir-resolution-50hz\\\/#breadcrumb\",\"itemListElement\":[{\"@type\":\"ListItem\",\"position\":1,\"name\":\"Home\",\"item\":\"https:\\\/\\\/dutapersada.co.id\\\/en\\\/\"},{\"@type\":\"ListItem\",\"position\":2,\"name\":\"Shop\",\"item\":\"https:\\\/\\\/dutapersada.co.id\\\/en\\\/shop\\\/\"},{\"@type\":\"ListItem\",\"position\":3,\"name\":\"HIKMICRO LE10S &#8211; LYNX S Thermal Monocular 256&#215;192 IR Resolution 50Hz\"}]},{\"@type\":\"WebSite\",\"@id\":\"https:\\\/\\\/dutapersada.co.id\\\/#website\",\"url\":\"https:\\\/\\\/dutapersada.co.id\\\/\",\"name\":\"DUTA PERSADA INSTRUMENT\",\"description\":\"Specialized Electronic Test &amp; Measuring Instruments, dan sudah berdiri sejak tahun 1994.\",\"publisher\":{\"@id\":\"https:\\\/\\\/dutapersada.co.id\\\/#organization\"},\"potentialAction\":[{\"@type\":\"SearchAction\",\"target\":{\"@type\":\"EntryPoint\",\"urlTemplate\":\"https:\\\/\\\/dutapersada.co.id\\\/?s={search_term_string}\"},\"query-input\":{\"@type\":\"PropertyValueSpecification\",\"valueRequired\":true,\"valueName\":\"search_term_string\"}}],\"inLanguage\":\"en-US\"},{\"@type\":\"Organization\",\"@id\":\"https:\\\/\\\/dutapersada.co.id\\\/#organization\",\"name\":\"DUTA PERSADA INSTRUMENT\",\"url\":\"https:\\\/\\\/dutapersada.co.id\\\/\",\"logo\":{\"@type\":\"ImageObject\",\"inLanguage\":\"en-US\",\"@id\":\"https:\\\/\\\/dutapersada.co.id\\\/#\\\/schema\\\/logo\\\/image\\\/\",\"url\":\"https:\\\/\\\/dutapersada.co.id\\\/wp-content\\\/uploads\\\/2025\\\/07\\\/Frame-1000004702.png\",\"contentUrl\":\"https:\\\/\\\/dutapersada.co.id\\\/wp-content\\\/uploads\\\/2025\\\/07\\\/Frame-1000004702.png\",\"width\":1820,\"height\":396,\"caption\":\"DUTA PERSADA INSTRUMENT\"},\"image\":{\"@id\":\"https:\\\/\\\/dutapersada.co.id\\\/#\\\/schema\\\/logo\\\/image\\\/\"}}]}<\/script>\n<!-- \/ Yoast SEO plugin. -->","yoast_head_json":{"title":"HIKMICRO LE10S - LYNX S Thermal Monocular 256x192 IR Resolution 50Hz - DUTA PERSADA INSTRUMENT","robots":{"index":"index","follow":"follow","max-snippet":"max-snippet:-1","max-image-preview":"max-image-preview:large","max-video-preview":"max-video-preview:-1"},"canonical":"https:\/\/dutapersada.co.id\/produk\/hikmicro-le10s-lynx-s-thermal-monocular-256x192-ir-resolution-50hz\/","og_locale":"en_US","og_type":"article","og_title":"HIKMICRO LE10S - LYNX S Thermal Monocular 256x192 IR Resolution 50Hz - DUTA PERSADA INSTRUMENT","og_description":"The LE10S is an entry\u2011level thermal monocular designed for outdoor use. It features a 256 \u00d7 192 VOx sensor, 10 mm lens, and 1.0\u00d7 basic magnification. With a detection range of up to 458 m, it provides clear thermal imaging in darkness or fog. Compact and lightweight, it\u2019s easy to carry for hunting, security, or wildlife observation.","og_url":"https:\/\/dutapersada.co.id\/produk\/hikmicro-le10s-lynx-s-thermal-monocular-256x192-ir-resolution-50hz\/","og_site_name":"DUTA PERSADA INSTRUMENT","article_modified_time":"2026-04-11T07:57:13+00:00","og_image":[{"width":1080,"height":1080,"url":"https:\/\/dutapersada.co.id\/wp-content\/uploads\/2026\/04\/le10s_1.png","type":"image\/png"}],"twitter_card":"summary_large_image","twitter_misc":{"Est. reading time":"2 minutes"},"schema":{"@context":"https:\/\/schema.org","@graph":[{"@type":"WebPage","@id":"https:\/\/dutapersada.co.id\/produk\/hikmicro-le10s-lynx-s-thermal-monocular-256x192-ir-resolution-50hz\/","url":"https:\/\/dutapersada.co.id\/produk\/hikmicro-le10s-lynx-s-thermal-monocular-256x192-ir-resolution-50hz\/","name":"HIKMICRO LE10S - LYNX S Thermal Monocular 256x192 IR Resolution 50Hz - DUTA PERSADA INSTRUMENT","isPartOf":{"@id":"https:\/\/dutapersada.co.id\/#website"},"primaryImageOfPage":{"@id":"https:\/\/dutapersada.co.id\/produk\/hikmicro-le10s-lynx-s-thermal-monocular-256x192-ir-resolution-50hz\/#primaryimage"},"image":{"@id":"https:\/\/dutapersada.co.id\/produk\/hikmicro-le10s-lynx-s-thermal-monocular-256x192-ir-resolution-50hz\/#primaryimage"},"thumbnailUrl":"https:\/\/dutapersada.co.id\/wp-content\/uploads\/2026\/04\/le10s_1.png","datePublished":"2026-04-11T07:57:12+00:00","dateModified":"2026-04-11T07:57:13+00:00","breadcrumb":{"@id":"https:\/\/dutapersada.co.id\/produk\/hikmicro-le10s-lynx-s-thermal-monocular-256x192-ir-resolution-50hz\/#breadcrumb"},"inLanguage":"en-US","potentialAction":[{"@type":"ReadAction","target":["https:\/\/dutapersada.co.id\/produk\/hikmicro-le10s-lynx-s-thermal-monocular-256x192-ir-resolution-50hz\/"]}]},{"@type":"ImageObject","inLanguage":"en-US","@id":"https:\/\/dutapersada.co.id\/produk\/hikmicro-le10s-lynx-s-thermal-monocular-256x192-ir-resolution-50hz\/#primaryimage","url":"https:\/\/dutapersada.co.id\/wp-content\/uploads\/2026\/04\/le10s_1.png","contentUrl":"https:\/\/dutapersada.co.id\/wp-content\/uploads\/2026\/04\/le10s_1.png","width":1080,"height":1080},{"@type":"BreadcrumbList","@id":"https:\/\/dutapersada.co.id\/produk\/hikmicro-le10s-lynx-s-thermal-monocular-256x192-ir-resolution-50hz\/#breadcrumb","itemListElement":[{"@type":"ListItem","position":1,"name":"Home","item":"https:\/\/dutapersada.co.id\/en\/"},{"@type":"ListItem","position":2,"name":"Shop","item":"https:\/\/dutapersada.co.id\/en\/shop\/"},{"@type":"ListItem","position":3,"name":"HIKMICRO LE10S &#8211; LYNX S Thermal Monocular 256&#215;192 IR Resolution 50Hz"}]},{"@type":"WebSite","@id":"https:\/\/dutapersada.co.id\/#website","url":"https:\/\/dutapersada.co.id\/","name":"DUTA PERSADA INSTRUMENT","description":"Specialized Electronic Test &amp; Measuring Instruments, dan sudah berdiri sejak tahun 1994.","publisher":{"@id":"https:\/\/dutapersada.co.id\/#organization"},"potentialAction":[{"@type":"SearchAction","target":{"@type":"EntryPoint","urlTemplate":"https:\/\/dutapersada.co.id\/?s={search_term_string}"},"query-input":{"@type":"PropertyValueSpecification","valueRequired":true,"valueName":"search_term_string"}}],"inLanguage":"en-US"},{"@type":"Organization","@id":"https:\/\/dutapersada.co.id\/#organization","name":"DUTA PERSADA INSTRUMENT","url":"https:\/\/dutapersada.co.id\/","logo":{"@type":"ImageObject","inLanguage":"en-US","@id":"https:\/\/dutapersada.co.id\/#\/schema\/logo\/image\/","url":"https:\/\/dutapersada.co.id\/wp-content\/uploads\/2025\/07\/Frame-1000004702.png","contentUrl":"https:\/\/dutapersada.co.id\/wp-content\/uploads\/2025\/07\/Frame-1000004702.png","width":1820,"height":396,"caption":"DUTA PERSADA INSTRUMENT"},"image":{"@id":"https:\/\/dutapersada.co.id\/#\/schema\/logo\/image\/"}}]}},"_links":{"self":[{"href":"https:\/\/dutapersada.co.id\/en\/wp-json\/wp\/v2\/product\/10131","targetHints":{"allow":["GET"]}}],"collection":[{"href":"https:\/\/dutapersada.co.id\/en\/wp-json\/wp\/v2\/product"}],"about":[{"href":"https:\/\/dutapersada.co.id\/en\/wp-json\/wp\/v2\/types\/product"}],"replies":[{"embeddable":true,"href":"https:\/\/dutapersada.co.id\/en\/wp-json\/wp\/v2\/comments?post=10131"}],"wp:featuredmedia":[{"embeddable":true,"href":"https:\/\/dutapersada.co.id\/en\/wp-json\/wp\/v2\/media\/10132"}],"wp:attachment":[{"href":"https:\/\/dutapersada.co.id\/en\/wp-json\/wp\/v2\/media?parent=10131"}],"wp:term":[{"taxonomy":"product_brand","embeddable":true,"href":"https:\/\/dutapersada.co.id\/en\/wp-json\/wp\/v2\/product_brand?post=10131"},{"taxonomy":"product_cat","embeddable":true,"href":"https:\/\/dutapersada.co.id\/en\/wp-json\/wp\/v2\/product_cat?post=10131"},{"taxonomy":"product_tag","embeddable":true,"href":"https:\/\/dutapersada.co.id\/en\/wp-json\/wp\/v2\/product_tag?post=10131"}],"curies":[{"name":"wp","href":"https:\/\/api.w.org\/{rel}","templated":true}]}}